{"id":1359,"date":"2020-08-10T11:32:54","date_gmt":"2020-08-10T16:32:54","guid":{"rendered":"https:\/\/iepedacitodecielo.edu.co\/wp\/?page_id=1359"},"modified":"2025-03-21T11:53:32","modified_gmt":"2025-03-21T16:53:32","slug":"proyecto-de-tiempo-libre-estilos-de-vida-saludable","status":"publish","type":"page","link":"https:\/\/iepedacitodecielo.edu.co\/wp\/proyecto-de-tiempo-libre-estilos-de-vida-saludable\/","title":{"rendered":"PROYECTO DE TIEMPO LIBRE. ESTILOS DE VIDA SALUDABLE"},"content":{"rendered":"\n<h3>Jhon Jaime Zapata Toro<br>Jhon Harvey Duque                                                                                                                  Ana Maria Hurtado<br>Mateo Valencia<\/h3>\n\n\n\n<p class=\"has-drop-cap\">La educaci\u00f3n colombiana vive el cambio m\u00e1s profundo en toda la historia y sus alcances dependen fundamentalmente de la disposici\u00f3n y voluntad de los educandos para generar las iniciativas que potencien nuevas alternativas de desarrollo educativo y social, de la participaci\u00f3n y de la voluntad pol\u00edtica gubernamental para apoyar, garantizar y promover las nuevas alternativas, ante una sociedad que vive en un desorden social creciente de drogadicci\u00f3n, sexualidad, homosexualismo, etc.<\/p>\n\n\n\n<p>Por eso intentamos construir espacios l\u00fadicos para que la tan golpeada juventud tenga nuevos horizontes de vida en los cuales puedan encauzar sus ideales y transformarlos exitosamente mediante la pr\u00e1ctica de actividades sanas, acompa\u00f1ados elocuentemente mediante nuestro proyecto Institucional, Tiempo Libre, Recreaci\u00f3n, Deportes y Cultura.<\/p>\n\n\n\n<p>Con este proyecto pretendemos proporcionarle a la comunidad educativa los elementos necesarios que les permitan aprender a valorar el Tiempo Libre como creador, como motor energ\u00e9tico y como una posibilidad de trascender en nuestra vida diaria. Es m\u00e1s f\u00e1cil cuando disponemos de los medios y el ambiente para dedicar nuestro Tiempo Libre a actividades organizadas que son culturalmente entendidas como necesarias y voluntarias donde el estudiante tiene la oportunidad de elegir la que m\u00e1s le llame la atenci\u00f3n. Pero de igual manera resulta enriquecedor pensarlo como posibilidad de autoconocimiento y exploraci\u00f3n.<\/p>\n\n\n\n<p>Consulte el Proyecto 2025 completo aqu\u00ed:<\/p>\n\n\n\n<p class=\"wp-block-gdm-google-drive-embedder-viewer\"><iframe width=\"100%\" height=\"400\" frameborder=\"0\" scrolling=\"https:\/\/drive.google.com\/file\/d\/1s6iiSufZZ_TTxBCbyxDat0dwZk3lc-rl\/preview?usp=drivesdk\" src=\"https:\/\/drive.google.com\/file\/d\/1s6iiSufZZ_TTxBCbyxDat0dwZk3lc-rl\/preview?usp=drivesdk\"><\/iframe><\/p>\n\n\n\n<h2>Medios del Proyecto:<\/h2>\n\n\n\n<h3>Dia del tiempo Libre 2021<\/h3>\n\n\n\n<p>Desde el <strong>Proyecto de Tiempo Libre<\/strong> queremos compartir con ustedes un peque\u00f1o video para motivarlos a seguir realizando actividad f\u00edsica desde la casa. No ser\u00eda por menos recordarles que hoy a nivel mundial, se celebra el<strong> <span style=\"color:#075683\" class=\"has-inline-color\">D\u00eda de la Actividad F\u00edsica<\/span><\/strong>. Por eso queremos motivarlos a que desde sus hogares y en familia, sigan haciendo actividad f\u00edsica, no solamente en su tiempo libre sino por su salud.<\/p>\n\n\n\n<p class=\"wp-block-gdm-google-drive-embedder-viewer\"><iframe width=\"100%\" height=\"400\" frameborder=\"0\" scrolling=\"https:\/\/drive.google.com\/file\/d\/1SleQ82y5ldIwO-fxuV0Vi-BnmOZWQhYq\/preview?usp=drivesdk\" src=\"https:\/\/drive.google.com\/file\/d\/1SleQ82y5ldIwO-fxuV0Vi-BnmOZWQhYq\/preview?usp=drivesdk\"><\/iframe><\/p>\n\n\n\n<hr class=\"wp-block-separator\"\/>\n\n\n\n<p class=\"wp-block-gdm-google-drive-embedder-viewer\"><img \/><\/p>\n\n\n\n<p class=\"wp-block-gdm-google-drive-embedder-viewer\"><\/p>\n\n\n\n<p class=\"wp-block-gdm-google-drive-embedder-viewer\"><img \/><\/p>\n\n\n\n<p class=\"wp-block-gdm-google-drive-embedder-viewer\"><iframe width=\"100%\" height=\"400\" frameborder=\"0\" scrolling=\"https:\/\/drive.google.com\/file\/d\/1gB_iMMmKfzBIQ5B2dwumcit9wNBKPJPg\/preview?usp=drivesdk\" src=\"https:\/\/drive.google.com\/file\/d\/1gB_iMMmKfzBIQ5B2dwumcit9wNBKPJPg\/preview?usp=drivesdk\"><\/iframe><\/p>\n","protected":false},"excerpt":{"rendered":"<p>Jhon Jaime Zapata ToroJhon Harvey Duque Ana Maria HurtadoMateo Valencia La educaci\u00f3n colombiana vive el cambio m\u00e1s profundo en toda &hellip; <\/p>\n","protected":false},"author":1,"featured_media":1368,"parent":0,"menu_order":0,"comment_status":"open","ping_status":"closed","template":"","meta":{"ngg_post_thumbnail":0},"_links":{"self":[{"href":"https:\/\/iepedacitodecielo.edu.co\/wp\/wp-json\/wp\/v2\/pages\/1359"}],"collection":[{"href":"https:\/\/iepedacitodecielo.edu.co\/wp\/wp-json\/wp\/v2\/pages"}],"about":[{"href":"https:\/\/iepedacitodecielo.edu.co\/wp\/wp-json\/wp\/v2\/types\/page"}],"author":[{"embeddable":true,"href":"https:\/\/iepedacitodecielo.edu.co\/wp\/wp-json\/wp\/v2\/users\/1"}],"replies":[{"embeddable":true,"href":"https:\/\/iepedacitodecielo.edu.co\/wp\/wp-json\/wp\/v2\/comments?post=1359"}],"version-history":[{"count":10,"href":"https:\/\/iepedacitodecielo.edu.co\/wp\/wp-json\/wp\/v2\/pages\/1359\/revisions"}],"predecessor-version":[{"id":11645,"href":"https:\/\/iepedacitodecielo.edu.co\/wp\/wp-json\/wp\/v2\/pages\/1359\/revisions\/11645"}],"wp:featuredmedia":[{"embeddable":true,"href":"https:\/\/iepedacitodecielo.edu.co\/wp\/wp-json\/wp\/v2\/media\/1368"}],"wp:attachment":[{"href":"https:\/\/iepedacitodecielo.edu.co\/wp\/wp-json\/wp\/v2\/media?parent=1359"}],"curies":[{"name":"wp","href":"https:\/\/api.w.org\/{rel}","templated":true}]}}