{"id":2054,"date":"2021-01-12T11:32:34","date_gmt":"2021-01-12T16:32:34","guid":{"rendered":"https:\/\/iepedacitodecielo.edu.co\/wp\/?page_id=2054"},"modified":"2022-02-02T10:15:46","modified_gmt":"2022-02-02T15:15:46","slug":"guias-educativas-grado-6o","status":"publish","type":"page","link":"https:\/\/iepedacitodecielo.edu.co\/wp\/guias-educativas-grado-6o\/","title":{"rendered":"Recursos Grado 6\u00ba"},"content":{"rendered":"\n<p>En estos momentos los j\u00f3venes y adolescentes necesitan que los adultos les den seguridad, les brinden amor y afecto, y les muestren, con el ejemplo, que a trav\u00e9s del dialogo, con paciencia, empat\u00eda, comunicaci\u00f3n asertiva y respeto se pueden sortear las dificultades y desaf\u00edos.<br>Esta situaci\u00f3n es nueva para todos, incluyendo los ni\u00f1os, ni\u00f1as, y adolescentes, la familia, quienes est\u00e1n recibiendo informaci\u00f3n a trav\u00e9s de los medios de comunicaci\u00f3n, y escuchando las conversaciones de los adultos. Ellos perciben la tensi\u00f3n, preocupaci\u00f3n y ansiedad, aunque muchas veces no sepan c\u00f3mo asimilarla.<\/p>\n\n\n\n<p>A continuaci\u00f3n encontrara las gu\u00edas imprimibles para el estudio en casa pertenecientes al grado 6\u00ba.<\/p>\n\n\n\n<h2>Ingl\u00e9s<\/h2>\n\n\n\n<p class=\"wp-block-gdm-google-drive-embedder-viewer\"><p><span class=\"gdm-drivefile-embed\"><img src=\"https:\/\/drive-thirdparty.googleusercontent.com\/16\/type\/application\/pdf\" width=\"16\" height=\"16\" \/> <a href=\"https:\/\/drive.google.com\/file\/d\/14oDyIfyVGaxTDTacozWdpeJ5I678qmuU\/view?usp=drivesdk\" target=\"&quot;_blank&quot;\">GUIA 2 LAS PARTES DEL CUERPO REPASO ingles 6AB.pdf<\/a><\/span><\/p><\/p>\n\n\n\n<p class=\"wp-block-gdm-google-drive-embedder-viewer\"><p><span class=\"gdm-drivefile-embed\"><img src=\"https:\/\/drive-thirdparty.googleusercontent.com\/16\/type\/application\/pdf\" width=\"16\" height=\"16\" \/> <a href=\"https:\/\/drive.google.com\/file\/d\/1ygoHsu6_NAoaaJwhHxpnglcaVWkGg9oJ\/view?usp=drivesdk\" target=\"&quot;_blank&quot;\">taller 3 LIVING TOGETHER IN THE CLASSROOM ingles grado 6.pdf<\/a><\/span><\/p><\/p>\n\n\n\n<p class=\"wp-block-gdm-google-drive-embedder-viewer\"><p><span class=\"gdm-drivefile-embed\"><img src=\"https:\/\/drive-thirdparty.googleusercontent.com\/16\/type\/application\/pdf\" width=\"16\" height=\"16\" \/> <a href=\"https:\/\/drive.google.com\/file\/d\/1tYn98dGHd2KogdhAfRKZSZsOhSrRil8Z\/view?usp=drivesdk\" target=\"&quot;_blank&quot;\">TALLER 1 PERIODO 2 COMMANDS.pdf<\/a><\/span><\/p><\/p>\n\n\n\n<p class=\"wp-block-gdm-google-drive-embedder-viewer\"><p><span class=\"gdm-drivefile-embed\"><img src=\"https:\/\/drive-thirdparty.googleusercontent.com\/16\/type\/application\/pdf\" width=\"16\" height=\"16\" \/> <a href=\"https:\/\/drive.google.com\/file\/d\/1JPM9kRaJlKUBbEQe5nWLq3JuLUlBJgEG\/view?usp=drivesdk\" target=\"&quot;_blank&quot;\">SEGUNDO PERIODO TALLER 1 ETICA SINGULARIDAD.pdf<\/a><\/span><\/p><\/p>\n\n\n\n<p class=\"wp-block-gdm-google-drive-embedder-viewer\"><p><span class=\"gdm-drivefile-embed\"><img src=\"https:\/\/drive-thirdparty.googleusercontent.com\/16\/type\/application\/pdf\" width=\"16\" height=\"16\" \/> <a href=\"https:\/\/drive.google.com\/file\/d\/1yc9-nHv_YLogdcwTYYszPkQOMbOVluRt\/view?usp=drivesdk\" target=\"&quot;_blank&quot;\">TALLER 2 PERIODO 2 FAMILY.pdf<\/a><\/span><\/p><\/p>\n\n\n\n<h2>Castellano<\/h2>\n\n\n\n<p class=\"wp-block-gdm-google-drive-embedder-viewer\"><p><span class=\"gdm-drivefile-embed\"><img src=\"https:\/\/drive-thirdparty.googleusercontent.com\/16\/type\/application\/pdf\" width=\"16\" height=\"16\" \/> <a href=\"https:\/\/drive.google.com\/file\/d\/1NB4VNoWZU9XK4IQ0HsgBR_IDdy8dIrS7\/view?usp=drivesdk\" target=\"&quot;_blank&quot;\">guia saberes previos castellano 6A.pdf<\/a><\/span><\/p><\/p>\n\n\n\n<p class=\"wp-block-gdm-google-drive-embedder-viewer\"><p><span class=\"gdm-drivefile-embed\"><img src=\"https:\/\/drive-thirdparty.googleusercontent.com\/16\/type\/application\/pdf\" width=\"16\" height=\"16\" \/> <a href=\"https:\/\/drive.google.com\/file\/d\/1jeaLX8NK70MPCVHwEn4GFPBqZp3uyQwU\/view?usp=drivesdk\" target=\"&quot;_blank&quot;\">GUIA 1 castellano 6A.pdf<\/a><\/span><\/p><\/p>\n\n\n\n<p class=\"wp-block-gdm-google-drive-embedder-viewer\"><p><span class=\"gdm-drivefile-embed\"><img src=\"https:\/\/drive-thirdparty.googleusercontent.com\/16\/type\/application\/pdf\" width=\"16\" height=\"16\" \/> <a href=\"https:\/\/drive.google.com\/file\/d\/1pTKnQWos0keO9oJGf0GDP6WEWyVwczZ8\/view?usp=drivesdk\" target=\"&quot;_blank&quot;\">GUIA 2 castellano 6A.pdf<\/a><\/span><\/p><\/p>\n\n\n\n<p class=\"wp-block-gdm-google-drive-embedder-viewer\"><\/p>\n\n\n\n<p class=\"wp-block-gdm-google-drive-embedder-viewer\"><p><span class=\"gdm-drivefile-embed\"><img src=\"https:\/\/drive-thirdparty.googleusercontent.com\/16\/type\/application\/pdf\" width=\"16\" height=\"16\" \/> <a href=\"https:\/\/drive.google.com\/file\/d\/1N2kW33_xIaUJZii3RjfKC449sqEa5UtA\/view?usp=drivesdk\" target=\"&quot;_blank&quot;\">GUIA 3 castellano 6A.pdf<\/a><\/span><\/p><\/p>\n\n\n\n<p class=\"wp-block-gdm-google-drive-embedder-viewer\"><p><span class=\"gdm-drivefile-embed\"><img src=\"https:\/\/drive-thirdparty.googleusercontent.com\/16\/type\/application\/pdf\" width=\"16\" height=\"16\" \/> <a href=\"https:\/\/drive.google.com\/file\/d\/1IKmsTs4k4g8m-T61T84XbwzNIAHe1W_R\/view?usp=drivesdk\" target=\"&quot;_blank&quot;\">GUIA 4 castellano 6A.pdf<\/a><\/span><\/p><\/p>\n\n\n\n<p class=\"wp-block-gdm-google-drive-embedder-viewer\"><p><span class=\"gdm-drivefile-embed\"><img src=\"https:\/\/drive-thirdparty.googleusercontent.com\/16\/type\/application\/pdf\" width=\"16\" height=\"16\" \/> <a href=\"https:\/\/drive.google.com\/file\/d\/1QPG1EMch_UTySuvoR9x7ek5bWnKr_1bL\/view?usp=drivesdk\" target=\"&quot;_blank&quot;\">GUIA 5 castellano 6A.pdf<\/a><\/span><\/p><\/p>\n\n\n\n<p class=\"wp-block-gdm-google-drive-embedder-viewer\"><p><span class=\"gdm-drivefile-embed\"><img src=\"https:\/\/drive-thirdparty.googleusercontent.com\/16\/type\/application\/pdf\" width=\"16\" height=\"16\" \/> <a href=\"https:\/\/drive.google.com\/file\/d\/1tV-nDPvLsDS9XHvvRFsnR2fhmZ-4f-8F\/view?usp=drivesdk\" target=\"&quot;_blank&quot;\">GUIA EVALUATIVA castellano 6A.pdf<\/a><\/span><\/p><\/p>\n\n\n\n<h2>Ciencias Naturales<\/h2>\n\n\n\n<p class=\"wp-block-gdm-google-drive-embedder-viewer\"><p><span class=\"gdm-drivefile-embed\"><img src=\"https:\/\/drive-thirdparty.googleusercontent.com\/16\/type\/application\/pdf\" width=\"16\" height=\"16\" \/> <a href=\"https:\/\/drive.google.com\/file\/d\/1wmY-INm0PbhcAVtLMvh2q3WRiHNEjpHC\/view?usp=drivesdk\" target=\"&quot;_blank&quot;\">GU\u00cdA CIENCIAS NATURALES 6A.pdf<\/a><\/span><\/p><\/p>\n\n\n\n<p class=\"wp-block-gdm-google-drive-embedder-viewer\"><p><span class=\"gdm-drivefile-embed\"><img src=\"https:\/\/drive-thirdparty.googleusercontent.com\/16\/type\/application\/pdf\" width=\"16\" height=\"16\" \/> <a href=\"https:\/\/drive.google.com\/file\/d\/1ujYfaUzHxphCwHE_PTe3NP0Jpsbflexd\/view?usp=drivesdk\" target=\"&quot;_blank&quot;\">GUIA ciencias Naturales 2 UNIDAD grado 6.pdf<\/a><\/span><\/p><\/p>\n\n\n\n<p class=\"wp-block-gdm-google-drive-embedder-viewer\"><p><span class=\"gdm-drivefile-embed\"><img src=\"https:\/\/drive-thirdparty.googleusercontent.com\/16\/type\/application\/pdf\" width=\"16\" height=\"16\" \/> <a href=\"https:\/\/drive.google.com\/file\/d\/15sCvl1P4NDmwqWbmJKBZ-APIByD-Vzcu\/view?usp=drivesdk\" target=\"&quot;_blank&quot;\">GUIA DE APRENDIZAJE SISTEMA DIGESTIVO  6.pdf<\/a><\/span><\/p><\/p>\n\n\n\n<h2>Ciencias Sociales<\/h2>\n\n\n\n<p class=\"wp-block-gdm-google-drive-embedder-viewer\"><p><span class=\"gdm-drivefile-embed\"><img src=\"https:\/\/drive-thirdparty.googleusercontent.com\/16\/type\/application\/pdf\" width=\"16\" height=\"16\" \/> <a href=\"https:\/\/drive.google.com\/file\/d\/1mhMhRR_2v9Z4Zf_wZShppSY79RuSLASZ\/view?usp=drivesdk\" target=\"&quot;_blank&quot;\">Taller 1 El ser humano y su entorno y el origen del universo, talleres de refuerzo.pdf<\/a><\/span><\/p><\/p>\n\n\n\n<p class=\"wp-block-gdm-google-drive-embedder-viewer\"><p><span class=\"gdm-drivefile-embed\"><img src=\"https:\/\/drive-thirdparty.googleusercontent.com\/16\/type\/application\/pdf\" width=\"16\" height=\"16\" \/> <a href=\"https:\/\/drive.google.com\/file\/d\/1fQnHYDSLcrPZ1gMM2sG9I4Y8JB7jW7fz\/view?usp=drivesdk\" target=\"&quot;_blank&quot;\">Taller 2 sociales grado 6 refuerzo.pdf<\/a><\/span><\/p><\/p>\n\n\n\n<p class=\"wp-block-gdm-google-drive-embedder-viewer\"><p><span class=\"gdm-drivefile-embed\"><img src=\"https:\/\/drive-thirdparty.googleusercontent.com\/16\/type\/application\/pdf\" width=\"16\" height=\"16\" \/> <a href=\"https:\/\/drive.google.com\/file\/d\/1dAGSVDXetnxCGhpWJU1uOmVLuJQrz4nf\/view?usp=drivesdk\" target=\"&quot;_blank&quot;\">Taller 3 sociales, grado 6 colegio Pedacito de Cielo. Tema La composici\u00f3n del universo.pdf<\/a><\/span><\/p><\/p>\n\n\n\n<p class=\"wp-block-gdm-google-drive-embedder-viewer\"><\/p>\n\n\n\n<p class=\"wp-block-gdm-google-drive-embedder-viewer\"><p><span class=\"gdm-drivefile-embed\"><img src=\"https:\/\/drive-thirdparty.googleusercontent.com\/16\/type\/application\/pdf\" width=\"16\" height=\"16\" \/> <a href=\"https:\/\/drive.google.com\/file\/d\/1SQLY5nt68-vgAv-PxPaV7twVmqTZDJsD\/view?usp=drivesdk\" target=\"&quot;_blank&quot;\">Taller 4 grado 6 sociales. tema composicion del universo.pdf<\/a><\/span><\/p><\/p>\n\n\n\n<p class=\"wp-block-gdm-google-drive-embedder-viewer\"><p><span class=\"gdm-drivefile-embed\"><img src=\"https:\/\/drive-thirdparty.googleusercontent.com\/16\/type\/application\/pdf\" width=\"16\" height=\"16\" \/> <a href=\"https:\/\/drive.google.com\/file\/d\/1VZX7dw50hdxYuWTazqqE_PPlGikCVQgE\/view?usp=drivesdk\" target=\"&quot;_blank&quot;\">Taller 5, La formaci\u00f3n y composici\u00f3n de la Tierra..pdf<\/a><\/span><\/p><\/p>\n\n\n\n<p class=\"wp-block-gdm-google-drive-embedder-viewer\"><p><span class=\"gdm-drivefile-embed\"><img src=\"https:\/\/drive-thirdparty.googleusercontent.com\/16\/type\/application\/pdf\" width=\"16\" height=\"16\" \/> <a href=\"https:\/\/drive.google.com\/file\/d\/14EgXjn_L4egAIu0uTVJpkGRiQTKhciYc\/view?usp=drivesdk\" target=\"&quot;_blank&quot;\">Taller 6, sociales, el origen y la evoluci\u00f3n del ser humano.pdf<\/a><\/span><\/p><\/p>\n\n\n\n<h2>Educaci\u00f3n F\u00edsica<\/h2>\n\n\n\n<p class=\"wp-block-gdm-google-drive-embedder-viewer\"><p><span class=\"gdm-drivefile-embed\"><img src=\"https:\/\/drive-thirdparty.googleusercontent.com\/16\/type\/application\/pdf\" width=\"16\" height=\"16\" \/> <a href=\"https:\/\/drive.google.com\/file\/d\/1o9PeXRIELoaFmIZMi1u2DFWHty-8X3zT\/view?usp=drivesdk\" target=\"&quot;_blank&quot;\">Grado 6\u00b0 Ed Fisica Taller  1.pdf<\/a><\/span><\/p><\/p>\n\n\n\n<p class=\"wp-block-gdm-google-drive-embedder-viewer\"><p><span class=\"gdm-drivefile-embed\"><img src=\"https:\/\/drive-thirdparty.googleusercontent.com\/16\/type\/application\/pdf\" width=\"16\" height=\"16\" \/> <a href=\"https:\/\/drive.google.com\/file\/d\/1u86_PX-5fAFp8CeNE6itwyTIHohOh_I5\/view?usp=drivesdk\" target=\"&quot;_blank&quot;\">Grado 6\u00b0 Taller  2.pdf<\/a><\/span><\/p><\/p>\n\n\n\n<p class=\"wp-block-gdm-google-drive-embedder-viewer\"><p><span class=\"gdm-drivefile-embed\"><img src=\"https:\/\/drive-thirdparty.googleusercontent.com\/16\/type\/video\/quicktime\" width=\"16\" height=\"16\" \/> <a href=\"https:\/\/drive.google.com\/file\/d\/1-lMFuYFcrS_VANUd9J4h0-mxO4Ng2Cz-\/view?usp=drivesdk\" target=\"&quot;_blank&quot;\">VIDEO: Taller #2 Acondicionamiento F\u00edsico 1.mov<\/a><\/span><\/p><\/p>\n\n\n\n<p class=\"wp-block-gdm-google-drive-embedder-viewer\"><p><span class=\"gdm-drivefile-embed\"><img src=\"https:\/\/drive-thirdparty.googleusercontent.com\/16\/type\/application\/pdf\" width=\"16\" height=\"16\" \/> <a href=\"https:\/\/drive.google.com\/file\/d\/1mZbg80dr8AWrIQZTBsXYEtkdASNNxsoJ\/view?usp=drivesdk\" target=\"&quot;_blank&quot;\">Grado 6\u00b0 Taller  3.pdf<\/a><\/span><\/p><\/p>\n\n\n\n<p class=\"wp-block-gdm-google-drive-embedder-viewer\"><p><span class=\"gdm-drivefile-embed\"><img src=\"https:\/\/drive-thirdparty.googleusercontent.com\/16\/type\/application\/pdf\" width=\"16\" height=\"16\" \/> <a href=\"https:\/\/drive.google.com\/file\/d\/15Yqb52CnetlesAXmt6qv4KELSDwIKzGN\/view?usp=drivesdk\" target=\"&quot;_blank&quot;\">Grado 6\u00b0 Taller  4.pdf<\/a><\/span><\/p><\/p>\n\n\n\n<h2>\u00c9tica y Valores Humanos<\/h2>\n\n\n\n<p class=\"wp-block-gdm-google-drive-embedder-viewer\"><p><span class=\"gdm-drivefile-embed\"><img src=\"https:\/\/drive-thirdparty.googleusercontent.com\/16\/type\/application\/pdf\" width=\"16\" height=\"16\" \/> <a href=\"https:\/\/drive.google.com\/file\/d\/1UFVDcc9UBVeMB0Z5j-Qca4vyb4RpDDJi\/view?usp=drivesdk\" target=\"&quot;_blank&quot;\">Ser persona periodo 1 taller 1 etica grado 6.pdf<\/a><\/span><\/p><\/p>\n\n\n\n<p class=\"wp-block-gdm-google-drive-embedder-viewer\"><p><span class=\"gdm-drivefile-embed\"><img src=\"https:\/\/drive-thirdparty.googleusercontent.com\/16\/type\/application\/pdf\" width=\"16\" height=\"16\" \/> <a href=\"https:\/\/drive.google.com\/file\/d\/1a77CyOVUapOFEBLYgyo9u6IgRIg0BuT9\/view?usp=drivesdk\" target=\"&quot;_blank&quot;\">ACTIVIDAD 2 PERIODO 2 ETICA 6\u00ba.pdf<\/a><\/span><\/p><\/p>\n\n\n\n<h2>Matem\u00e1ticas<\/h2>\n\n\n\n<p class=\"wp-block-gdm-google-drive-embedder-viewer\"><p><span class=\"gdm-drivefile-embed\"><img src=\"https:\/\/drive-thirdparty.googleusercontent.com\/16\/type\/application\/pdf\" width=\"16\" height=\"16\" \/> <a href=\"https:\/\/drive.google.com\/file\/d\/1hi_aFB65zcc_N5-FqP2yNrlPaU30jQlG\/view?usp=drivesdk\" target=\"&quot;_blank&quot;\">GUIA I matematicas 6A.pdf<\/a><\/span><\/p><\/p>\n\n\n\n<p class=\"wp-block-gdm-google-drive-embedder-viewer\"><p><span class=\"gdm-drivefile-embed\"><img src=\"https:\/\/drive-thirdparty.googleusercontent.com\/16\/type\/application\/pdf\" width=\"16\" height=\"16\" \/> <a href=\"https:\/\/drive.google.com\/file\/d\/1XveryGc7HrF5uzGb7G1n96v1UbOgX2oF\/view?usp=drivesdk\" target=\"&quot;_blank&quot;\">guia potenciacion matematicas 6.pdf<\/a><\/span><\/p><\/p>\n\n\n\n<h2>Religi\u00f3n<\/h2>\n\n\n\n<p class=\"wp-block-gdm-google-drive-embedder-viewer\"><p><span class=\"gdm-drivefile-embed\"><img src=\"https:\/\/drive-thirdparty.googleusercontent.com\/16\/type\/application\/pdf\" width=\"16\" height=\"16\" \/> <a href=\"https:\/\/drive.google.com\/file\/d\/17-at7AN9gaoKpHAiaBBDh8cB6-00DhA_\/view?usp=drivesdk\" target=\"&quot;_blank&quot;\">Taller 2 El \u00e1rbol de la vida refuerzo religion 6A.pdf<\/a><\/span><\/p><\/p>\n\n\n\n<p class=\"wp-block-gdm-google-drive-embedder-viewer\"><p><span class=\"gdm-drivefile-embed\"><img src=\"https:\/\/drive-thirdparty.googleusercontent.com\/16\/type\/application\/pdf\" width=\"16\" height=\"16\" \/> <a href=\"https:\/\/drive.google.com\/file\/d\/1UtT9cmxRXsbPZmY0nOTR_sURxGjIIdkH\/view?usp=drivesdk\" target=\"&quot;_blank&quot;\">Taller 1 Refuerzo, una persona con historia .pdf<\/a><\/span><\/p><\/p>\n\n\n\n<p class=\"wp-block-gdm-google-drive-embedder-viewer\"><p><span class=\"gdm-drivefile-embed\"><img src=\"https:\/\/drive-thirdparty.googleusercontent.com\/16\/type\/application\/pdf\" width=\"16\" height=\"16\" \/> <a href=\"https:\/\/drive.google.com\/file\/d\/1wLV3l4T1JwY7LQcp9-WwiLZkDocLbtyo\/view?usp=drivesdk\" target=\"&quot;_blank&quot;\">Taller 2, Dios se relaciona con las personas.pdf<\/a><\/span><\/p><\/p>\n\n\n\n<p class=\"wp-block-gdm-google-drive-embedder-viewer\"><p><span class=\"gdm-drivefile-embed\"><img src=\"https:\/\/drive-thirdparty.googleusercontent.com\/16\/type\/application\/pdf\" width=\"16\" height=\"16\" \/> <a href=\"https:\/\/drive.google.com\/file\/d\/1Y9fr7Jqy5QzZYelPVkbrbXN-BffbvnFi\/view?usp=drivesdk\" target=\"&quot;_blank&quot;\">Taller 3 Hombre y mujer hijos amados de Dios. mod julio 2020.pdf<\/a><\/span><\/p><\/p>\n\n\n\n<p class=\"wp-block-gdm-google-drive-embedder-viewer\"><p><span class=\"gdm-drivefile-embed\"><img src=\"https:\/\/drive-thirdparty.googleusercontent.com\/16\/type\/application\/pdf\" width=\"16\" height=\"16\" \/> <a href=\"https:\/\/drive.google.com\/file\/d\/1o-X8lzAprAuJgZyoosDq7zDB5GMmTri3\/view?usp=drivesdk\" target=\"&quot;_blank&quot;\">Taller 3 El ser humano ser Espiritual.pdf<\/a><\/span><\/p><\/p>\n\n\n\n<p class=\"wp-block-gdm-google-drive-embedder-viewer\"><p><span class=\"gdm-drivefile-embed\"><img src=\"https:\/\/drive-thirdparty.googleusercontent.com\/16\/type\/application\/pdf\" width=\"16\" height=\"16\" \/> <a href=\"https:\/\/drive.google.com\/file\/d\/1dFgOWlB18MFlGNg4PA0beIFTgSsKHHcx\/view?usp=drivesdk\" target=\"&quot;_blank&quot;\">Taller 4 Dios me llama act.pdf<\/a><\/span><\/p><\/p>\n\n\n\n<p class=\"wp-block-gdm-google-drive-embedder-viewer\"><p><span class=\"gdm-drivefile-embed\"><img src=\"https:\/\/drive-thirdparty.googleusercontent.com\/16\/type\/application\/pdf\" width=\"16\" height=\"16\" \/> <a href=\"https:\/\/drive.google.com\/file\/d\/1xxbO9i7LJQUpbmoLbo3YFSSJzYiWc8lV\/view?usp=drivesdk\" target=\"&quot;_blank&quot;\">Taller 5 Dios me hace una propuesta.pdf<\/a><\/span><\/p><\/p>\n\n\n\n<p class=\"wp-block-gdm-google-drive-embedder-viewer\"><p><span class=\"gdm-drivefile-embed\"><img src=\"https:\/\/drive-thirdparty.googleusercontent.com\/16\/type\/application\/pdf\" width=\"16\" height=\"16\" \/> <a href=\"https:\/\/drive.google.com\/file\/d\/178JDyKWXKumGo7SISKybIhE2iL9i7Ogn\/view?usp=drivesdk\" target=\"&quot;_blank&quot;\">Taller 6 Reconozco que debo cambiar.pdf<\/a><\/span><\/p><\/p>\n\n\n\n<p class=\"wp-block-gdm-google-drive-embedder-viewer\"><p><span class=\"gdm-drivefile-embed\"><img src=\"https:\/\/drive-thirdparty.googleusercontent.com\/16\/type\/application\/pdf\" width=\"16\" height=\"16\" \/> <a href=\"https:\/\/drive.google.com\/file\/d\/1AikAtcTYBWgtlsHyFfuf0BK9GUqvwCjf\/view?usp=drivesdk\" target=\"&quot;_blank&quot;\">Taller 7 Me reconcilio con migo y mis hermanos.pdf<\/a><\/span><\/p><\/p>\n\n\n\n<h2>Tecnolog\u00eda<\/h2>\n\n\n\n<p class=\"wp-block-gdm-google-drive-embedder-viewer\"><p><span class=\"gdm-drivefile-embed\"><img src=\"https:\/\/drive-thirdparty.googleusercontent.com\/16\/type\/application\/pdf\" width=\"16\" height=\"16\" \/> <a href=\"https:\/\/drive.google.com\/file\/d\/1it0MjRHL0v7o4GXSAhWvnLnJIQG15dKO\/view?usp=drivesdk\" target=\"&quot;_blank&quot;\">GU\u00cdA DE APRENDIZAJE 1 GRADO SEXTO.pdf<\/a><\/span><\/p><\/p>\n\n\n\n<p class=\"wp-block-gdm-google-drive-embedder-viewer\"><p><span class=\"gdm-drivefile-embed\"><img src=\"https:\/\/drive-thirdparty.googleusercontent.com\/16\/type\/application\/pdf\" width=\"16\" height=\"16\" \/> <a href=\"https:\/\/drive.google.com\/file\/d\/1y-Z0XSsrlV2awlbduOuP4jJOrXE-g3vM\/view?usp=drivesdk\" target=\"&quot;_blank&quot;\">GU\u00cdA 2 GRADO SEXTO tec.pdf<\/a><\/span><\/p><\/p>\n\n\n\n<p class=\"wp-block-gdm-google-drive-embedder-viewer\"><p><span class=\"gdm-drivefile-embed\"><img src=\"https:\/\/drive-thirdparty.googleusercontent.com\/16\/type\/application\/pdf\" width=\"16\" height=\"16\" \/> <a href=\"https:\/\/drive.google.com\/file\/d\/1SDSU5nX0BnBp5DLW9vMGDA_RHuUk5haE\/view?usp=drivesdk\" target=\"&quot;_blank&quot;\">GU\u00cdA 3 GRADO SEXTO tec.pdf<\/a><\/span><\/p><\/p>\n\n\n\n<p class=\"wp-block-gdm-google-drive-embedder-viewer\"><p><span class=\"gdm-drivefile-embed\"><img src=\"https:\/\/drive-thirdparty.googleusercontent.com\/16\/type\/application\/pdf\" width=\"16\" height=\"16\" \/> <a href=\"https:\/\/drive.google.com\/file\/d\/1ge-tYVmK_BCSZJCKEr_y89MLSrVBdyaV\/view?usp=drivesdk\" target=\"&quot;_blank&quot;\">GU\u00cdA DE APRENDIZAJE 4 GRADO SEXTO.pdf<\/a><\/span><\/p><\/p>\n\n\n\n<p class=\"wp-block-gdm-google-drive-embedder-viewer\"><p><span class=\"gdm-drivefile-embed\"><img src=\"https:\/\/drive-thirdparty.googleusercontent.com\/16\/type\/application\/pdf\" width=\"16\" height=\"16\" \/> <a href=\"https:\/\/drive.google.com\/file\/d\/13ISlezS21HSDqtRDU-_hmthG5PQaWFou\/view?usp=drivesdk\" target=\"&quot;_blank&quot;\">GU\u00cdA DE APRENDIZAJE 5 GRADO SEXTO.pdf<\/a><\/span><\/p><\/p>\n\n\n\n<p class=\"wp-block-gdm-google-drive-embedder-viewer\"><p><span class=\"gdm-drivefile-embed\"><img src=\"https:\/\/drive-thirdparty.googleusercontent.com\/16\/type\/application\/pdf\" width=\"16\" height=\"16\" \/> <a href=\"https:\/\/drive.google.com\/file\/d\/1CWFZRxhNV4kruGqhPOb6RjVPVxrn_tza\/view?usp=drivesdk\" target=\"&quot;_blank&quot;\">GU\u00cdA DE APRENDIZAJE 6 GRADO SEXTO.pdf<\/a><\/span><\/p><\/p>\n","protected":false},"excerpt":{"rendered":"<p>En estos momentos los j\u00f3venes y adolescentes necesitan que los adultos les den seguridad, les brinden amor y afecto, y &hellip; <\/p>\n","protected":false},"author":1,"featured_media":2953,"parent":0,"menu_order":0,"comment_status":"open","ping_status":"closed","template":"","meta":{"ngg_post_thumbnail":0},"_links":{"self":[{"href":"https:\/\/iepedacitodecielo.edu.co\/wp\/wp-json\/wp\/v2\/pages\/2054"}],"collection":[{"href":"https:\/\/iepedacitodecielo.edu.co\/wp\/wp-json\/wp\/v2\/pages"}],"about":[{"href":"https:\/\/iepedacitodecielo.edu.co\/wp\/wp-json\/wp\/v2\/types\/page"}],"author":[{"embeddable":true,"href":"https:\/\/iepedacitodecielo.edu.co\/wp\/wp-json\/wp\/v2\/users\/1"}],"replies":[{"embeddable":true,"href":"https:\/\/iepedacitodecielo.edu.co\/wp\/wp-json\/wp\/v2\/comments?post=2054"}],"version-history":[{"count":41,"href":"https:\/\/iepedacitodecielo.edu.co\/wp\/wp-json\/wp\/v2\/pages\/2054\/revisions"}],"predecessor-version":[{"id":3559,"href":"https:\/\/iepedacitodecielo.edu.co\/wp\/wp-json\/wp\/v2\/pages\/2054\/revisions\/3559"}],"wp:featuredmedia":[{"embeddable":true,"href":"https:\/\/iepedacitodecielo.edu.co\/wp\/wp-json\/wp\/v2\/media\/2953"}],"wp:attachment":[{"href":"https:\/\/iepedacitodecielo.edu.co\/wp\/wp-json\/wp\/v2\/media?parent=2054"}],"curies":[{"name":"wp","href":"https:\/\/api.w.org\/{rel}","templated":true}]}}