{"id":5496,"date":"2022-08-15T11:38:56","date_gmt":"2022-08-15T16:38:56","guid":{"rendered":"https:\/\/iepedacitodecielo.edu.co\/wp\/?page_id=5496"},"modified":"2025-03-19T11:46:19","modified_gmt":"2025-03-19T16:46:19","slug":"proyecto-de-educacion-vial","status":"publish","type":"page","link":"https:\/\/iepedacitodecielo.edu.co\/wp\/proyecto-de-educacion-vial\/","title":{"rendered":"PROYECTO DE EDUCACION VIAL"},"content":{"rendered":"\n<h3>Lic. John Jairo Ram\u00edrez Moreno<br>Lic. Juan Pablo Guerrero<br><\/h3>\n\n\n\n<p><\/p>\n\n\n\n<p class=\"has-drop-cap\">Promover una mayor cultura en movilidad, orientada al adecuado desplazamiento del cuerpo estudiantil y de la comunidad educativa en general, ya sea por medios de transporte motorizados o no motorizados.<br>Cumplir con las recomendaciones que, a nivel internacional y nacional, dan prioridad a la seguridad vial y que la posicionan como una pol\u00edtica de Estado. Esta pol\u00edtica se concreta en el Plan Nacional de Seguridad Vial (PNSV) 2011 \u2013 2021 como una carta de navegaci\u00f3n que orienta y propicia reflexiones y pr\u00e1cticas alrededor de la movilidad saludable, segura y sostenible. El PME se sustenta desde este plan nacional y desde la Ley 1503 de 2011, por la cual se promueve la formaci\u00f3n de h\u00e1bitos, comportamientos y conductas seguros en la v\u00eda y se dictan otras disposiciones.<br>Identificar riesgos de movilidad y planear, concertadamente con la comunidad educativa, medidas indicativas e integrales de promoci\u00f3n de movilidad segura y sostenible y de prevenci\u00f3n de siniestros viales, haciendo posible que las instituciones educativas cumplan con la responsabilidad social de aplicar las pol\u00edticas p\u00fablicas enfocadas en comportamientos y h\u00e1bitos seguros, y dirigidas hacia el fortalecimiento de una cultura vial.<br>Fortalecer a la instituci\u00f3n educativa en su autonom\u00eda para ordenar e incentivar gestiones de movilidad escolar, de modo que se alineen con los pilares estrat\u00e9gicos del Plan Nacional de Seguridad Vial, con los proyectos educativos institucionales y con las din\u00e1micas y necesidades del contexto escolar. De esta forma, la instituci\u00f3n educativa puede orientar a los estudiantes sobre su vulnerabilidad en la v\u00eda; formalizar deberes y responsabilidades que le ata\u00f1en o no ante cualquier eventualidad o siniestro vial.<\/p>\n\n\n\n<h2>Proyecto Completo a\u00f1o 2025<\/h2>\n\n\n\n<p class=\"wp-block-gdm-google-drive-embedder-viewer\"><iframe width=\"100%\" height=\"400\" frameborder=\"0\" scrolling=\"https:\/\/drive.google.com\/file\/d\/1y4NvWabaEadOJXY6cLRItICkjOgpX-Tj\/preview?usp=drivesdk\" src=\"https:\/\/drive.google.com\/file\/d\/1y4NvWabaEadOJXY6cLRItICkjOgpX-Tj\/preview?usp=drivesdk\"><\/iframe><\/p>\n","protected":false},"excerpt":{"rendered":"<p>Lic. John Jairo Ram\u00edrez MorenoLic. Juan Pablo Guerrero Promover una mayor cultura en movilidad, orientada al adecuado desplazamiento del cuerpo &hellip; <\/p>\n","protected":false},"author":1,"featured_media":11577,"parent":0,"menu_order":0,"comment_status":"closed","ping_status":"closed","template":"","meta":{"ngg_post_thumbnail":0},"_links":{"self":[{"href":"https:\/\/iepedacitodecielo.edu.co\/wp\/wp-json\/wp\/v2\/pages\/5496"}],"collection":[{"href":"https:\/\/iepedacitodecielo.edu.co\/wp\/wp-json\/wp\/v2\/pages"}],"about":[{"href":"https:\/\/iepedacitodecielo.edu.co\/wp\/wp-json\/wp\/v2\/types\/page"}],"author":[{"embeddable":true,"href":"https:\/\/iepedacitodecielo.edu.co\/wp\/wp-json\/wp\/v2\/users\/1"}],"replies":[{"embeddable":true,"href":"https:\/\/iepedacitodecielo.edu.co\/wp\/wp-json\/wp\/v2\/comments?post=5496"}],"version-history":[{"count":6,"href":"https:\/\/iepedacitodecielo.edu.co\/wp\/wp-json\/wp\/v2\/pages\/5496\/revisions"}],"predecessor-version":[{"id":11576,"href":"https:\/\/iepedacitodecielo.edu.co\/wp\/wp-json\/wp\/v2\/pages\/5496\/revisions\/11576"}],"wp:featuredmedia":[{"embeddable":true,"href":"https:\/\/iepedacitodecielo.edu.co\/wp\/wp-json\/wp\/v2\/media\/11577"}],"wp:attachment":[{"href":"https:\/\/iepedacitodecielo.edu.co\/wp\/wp-json\/wp\/v2\/media?parent=5496"}],"curies":[{"name":"wp","href":"https:\/\/api.w.org\/{rel}","templated":true}]}}